{"id":1206,"date":"2026-03-30T12:25:32","date_gmt":"2026-03-30T12:25:32","guid":{"rendered":"https:\/\/tanscookingclub.co.uk\/?page_id=1206"},"modified":"2026-05-09T14:10:57","modified_gmt":"2026-05-09T14:10:57","slug":"workshops-and-private-chef-services","status":"publish","type":"page","link":"https:\/\/tanscookingclub.co.uk\/fr\/workshops-and-private-chef-services\/","title":{"rendered":"Ateliers et services de chef \u00e0 domicile"},"content":{"rendered":"<h2 class=\"wp-block-heading\"><strong>Ateliers et services de chef \u00e0 domicile <\/strong><\/h2>\n\n\n\n<p><\/p>\n\n\n\n<div class=\"wp-block-buttons is-layout-flex wp-block-buttons-is-layout-flex\">\n<div class=\"wp-block-button\"><a class=\"wp-block-button__link wp-element-button\" href=\"https:\/\/tanscookingclub.co.uk\/fr\/contact-us\/\">Contactez-nous<\/a><\/div>\n\n\n\n<div class=\"wp-block-button\"><a class=\"wp-block-button__link wp-element-button\" href=\"#prices\"> Prix<\/a><\/div>\n<\/div>\n\n\n\n<p><\/p>\n\n\n\n<h2 class=\"wp-block-heading\"><strong>L&#039;art et le plaisir de cuisiner, rien que pour vous.<\/strong> ! <\/h2>\n\n\n\n<p>Que ce soit une r\u00e9union chez vous, dans votre location de vacances ou un \u00e9v\u00e9nement de team building dynamique, nous vous apportons les saveurs, les outils et le savoir-faire. De la pratique \u00e0 la d\u00e9gustation <strong>Atelier Cuisine<\/strong> ateliers pour <strong>Chef priv\u00e9<\/strong> Lors de nos repas, nous cr\u00e9ons des moments culinaires inoubliables.<\/p>\n\n\n\n<h2 class=\"wp-block-heading\"><strong>Ce que nous proposons :<\/strong><\/h2>\n\n\n\n<div class=\"wp-block-columns is-layout-flex wp-container-core-columns-is-layout-28f84493 wp-block-columns-is-layout-flex\">\n<div class=\"wp-block-column is-layout-flow wp-block-column-is-layout-flow\" style=\"flex-basis:100%\">\n<figure class=\"wp-block-gallery has-nested-images columns-default is-cropped wp-block-gallery-1 is-layout-flex wp-block-gallery-is-layout-flex\">\n<figure class=\"wp-block-image size-large is-style-default\"><img loading=\"lazy\" decoding=\"async\" width=\"1024\" height=\"1024\" data-id=\"152\" src=\"https:\/\/tanscookingclub.co.uk\/wp-content\/uploads\/2026\/01\/Tans-Cooking-Club-1024x1024.png\" alt=\"\" class=\"wp-image-152\" srcset=\"https:\/\/tanscookingclub.co.uk\/wp-content\/uploads\/2026\/01\/Tans-Cooking-Club-1024x1024.png 1024w, https:\/\/tanscookingclub.co.uk\/wp-content\/uploads\/2026\/01\/Tans-Cooking-Club-300x300.png 300w, https:\/\/tanscookingclub.co.uk\/wp-content\/uploads\/2026\/01\/Tans-Cooking-Club-150x150.png 150w, https:\/\/tanscookingclub.co.uk\/wp-content\/uploads\/2026\/01\/Tans-Cooking-Club-768x768.png 768w, https:\/\/tanscookingclub.co.uk\/wp-content\/uploads\/2026\/01\/Tans-Cooking-Club.png 1080w\" sizes=\"auto, (max-width: 1024px) 100vw, 1024px\" \/><\/figure>\n\n\n\n<figure class=\"wp-block-image size-large is-style-default\"><img loading=\"lazy\" decoding=\"async\" width=\"850\" height=\"856\" data-id=\"131\" src=\"https:\/\/tanscookingclub.co.uk\/wp-content\/uploads\/2026\/01\/Screenshot-2026-01-19-at-17.14.17.png\" alt=\"\" class=\"wp-image-131\" srcset=\"https:\/\/tanscookingclub.co.uk\/wp-content\/uploads\/2026\/01\/Screenshot-2026-01-19-at-17.14.17.png 850w, https:\/\/tanscookingclub.co.uk\/wp-content\/uploads\/2026\/01\/Screenshot-2026-01-19-at-17.14.17-298x300.png 298w, https:\/\/tanscookingclub.co.uk\/wp-content\/uploads\/2026\/01\/Screenshot-2026-01-19-at-17.14.17-150x150.png 150w, https:\/\/tanscookingclub.co.uk\/wp-content\/uploads\/2026\/01\/Screenshot-2026-01-19-at-17.14.17-768x773.png 768w\" sizes=\"auto, (max-width: 850px) 100vw, 850px\" \/><\/figure>\n<\/figure>\n<\/div>\n<\/div>\n\n\n\n<h3 class=\"wp-block-heading\">\ud83c\udf73 <strong>Atelier Cuisine\u00a0: Ateliers interactifs \u2013 nous venons \u00e0 vous<\/strong><\/h3>\n\n\n\n<p>Id\u00e9al pour les groupes qui veulent participer activement ! Nos ateliers sont con\u00e7us pour \u00eatre amusants, \u00e9ducatifs et d\u00e9licieux.<\/p>\n\n\n\n<ul class=\"wp-block-list\">\n<li><strong>Groupes priv\u00e9s\u00a0:<\/strong> Id\u00e9al pour les soir\u00e9es entre amis, les r\u00e9unions de famille ou les enterrements de vie de jeune fille.<\/li>\n\n\n\n<li><strong>Locations de vacances :<\/strong> Vous s\u00e9journez dans une villa ou un appartement ? Nous organisons l&#039;atelier directement dans votre lieu de vacances pour une soir\u00e9e unique \u00e0 la maison.\u201c<\/li>\n\n\n\n<li><strong>Ce que nous apportons :<\/strong> Mat\u00e9riel de cuisine si n\u00e9cessaire, ingr\u00e9dients, recettes \u00e0 conserver\/emporter chez soi, et bien s\u00fbr le fruit de votre travail.<\/li>\n<\/ul>\n\n\n\n<div style=\"height:18px\" aria-hidden=\"true\" class=\"wp-block-spacer\"><\/div>\n\n\n\n<h3 class=\"wp-block-heading\">\ud83d\udc69\u200d\ud83c\udf73 <strong>Chef priv\u00e9 : \u00e0 votre domicile<\/strong><\/h3>\n\n\n\n<p>D\u00e9tendez-vous, on s&#039;occupe de tout\u00a0! Des plats et menus aux courses, en passant par la cuisine et le nettoyage (si vous le souhaitez).<\/p>\n\n\n\n<ul class=\"wp-block-list\">\n<li><strong>Soir\u00e9es de c\u00e9l\u00e9bration :<\/strong> Anniversaires, f\u00eates ou simplement une soir\u00e9e sp\u00e9ciale avec les \u00eatres chers.<\/li>\n\n\n\n<li><strong>Menus personnalis\u00e9s\u00a0:<\/strong> Vous pouvez choisir parmi nos menus internationaux ou les combiner \u00e0 votre guise.&nbsp;<\/li>\n\n\n\n<li><strong>Confort total :<\/strong> Des plats d\u00e9licieux dans le cadre d\u00e9tendu et le confort de votre maison.<\/li>\n<\/ul>\n\n\n\n<div style=\"height:18px\" aria-hidden=\"true\" class=\"wp-block-spacer\"><\/div>\n\n\n\n<h3 class=\"wp-block-heading\">\ud83c\udfe2 <strong>Renforcement d&#039;entreprise et d&#039;\u00e9quipe<\/strong><\/h3>\n\n\n\n<p>La gastronomie est un excellent moyen de briser la glace. Nos \u00e9v\u00e9nements d&#039;entreprise mettent l&#039;accent sur la collaboration, la communication et, bien s\u00fbr, une cuisine de qualit\u00e9.<\/p>\n\n\n\n<ul class=\"wp-block-list\">\n<li><strong>D\u00e9fis d&#039;\u00e9quipe\u00a0:<\/strong> Ateliers interactifs \u2013 pr\u00e9paration collaborative des repas, cuisine et repas partag\u00e9 pour savourer le fruit de votre travail.<\/li>\n\n\n\n<li><strong>Configuration professionnelle :<\/strong> Nous nous adaptons au lieu que vous avez choisi et nous faisons en sorte que cela fonctionne avec le groupe \u2013 cela fait partie du team building !&nbsp;<\/li>\n\n\n\n<li><strong>Objectifs personnalis\u00e9s\u00a0:<\/strong> Mettez l&#039;accent sur la coh\u00e9sion d&#039;\u00e9quipe, le travail d&#039;\u00e9quipe et r\u00e9compensez vos employ\u00e9s avec une activit\u00e9 ludique et un repas d\u00e9licieux.<\/li>\n<\/ul>\n\n\n\n<p><\/p>\n\n\n\n<div style=\"height:18px\" aria-hidden=\"true\" class=\"wp-block-spacer\"><\/div>\n\n\n\n<h3 class=\"wp-block-heading\"><strong>Pourquoi nous choisir ?<\/strong><\/h3>\n\n\n\n<p><em>Nous vous proposons une exp\u00e9rience conviviale et enrichissante. Notre objectif est de transformer un d\u00e9licieux repas en un souvenir partag\u00e9 gr\u00e2ce au plaisir de cuisiner.<\/em><\/p>\n\n\n\n<ul class=\"wp-block-list\">\n<li><strong>Enti\u00e8rement mobile<\/strong>Nous vous apportons directement tout le mat\u00e9riel de cuisine (si n\u00e9cessaire) et les ingr\u00e9dients.<\/li>\n\n\n\n<li><strong>Menus internationaux :<\/strong> Chaque \u00e9v\u00e9nement est unique ; choisissez vos options pr\u00e9f\u00e9r\u00e9es, savourez de nouvelles saveurs et techniques&nbsp;<\/li>\n\n\n\n<li><strong>Des d\u00e9butants aux pros :<\/strong> Des ateliers de cuisine ludiques et accessibles, parfaits pour les d\u00e9butants comme pour les cuisiniers confirm\u00e9s.<\/li>\n<\/ul>\n\n\n\n<div style=\"height:18px\" aria-hidden=\"true\" class=\"wp-block-spacer\"><\/div>\n\n\n\n<h3 class=\"wp-block-heading\"><strong>Pr\u00eat \u00e0 cuisiner ?<\/strong><\/h3>\n\n\n\n<p>Organisons ensemble votre prochaine f\u00eate ou \u00e9v\u00e9nement d&#039;\u00e9quipe.<\/p>\n\n\n\n<p><strong>Contactez-nous pour toute question \u2013 <\/strong><a href=\"mailto:info@tansccokingclub.co.uk\"><strong>info@tanscookingclub.co.uk<\/strong><\/a> <\/p>\n\n\n\n<div class=\"wp-block-buttons is-layout-flex wp-block-buttons-is-layout-flex\">\n<div class=\"wp-block-button\"><a class=\"wp-block-button__link wp-element-button\" href=\"https:\/\/tanscookingclub.co.uk\/fr\/contact-us\/\">Contactez-nous<\/a><\/div>\n<\/div>\n\n\n\n<p><strong>D\u00e9couvrez notre <\/strong><a href=\"https:\/\/www.google.com\/search?q=tans+cooking+club+reviews&amp;rlz=1C5CHFA_enFR982FR985&amp;oq=tans+cooking+club+reviews&amp;gs_lcrp=EgZjaHJvbWUyBggAEEUYOTIGCAEQRRg8MgYIAhBFGDzSAQg0NTI0ajBqN6gCALACAA&amp;sourceid=chrome&amp;ie=UTF-8#mpd=~17612360859288763483\/customers\/reviews\"><strong>Avis clients sur Google<\/strong><\/a><strong> et <\/strong><a href=\"https:\/\/www.facebook.com\/tanscookingclub\/reviews\"><strong>Facebook<\/strong><\/a><strong> <\/strong><\/p>\n\n\n\n<p><br>\u26a0\ufe0f <strong>Veuillez prendre note<\/strong>Pour toutes les s\u00e9ances\/services de cuisine, les ingr\u00e9dients peuvent contenir ou avoir \u00e9t\u00e9 fabriqu\u00e9s\/pr\u00e9par\u00e9s sur des \u00e9quipements partag\u00e9s avec du bl\u00e9, des produits laitiers, des \u0153ufs, des noix, du poisson, du soja, des crustac\u00e9s et d&#039;autres allerg\u00e8nes. <\/p>\n\n\n\n<p>Veuillez nous contacter pour nous faire part de vos besoins et pr\u00e9f\u00e9rences alimentaires sp\u00e9cifiques et consultez notre <a href=\"https:\/\/tanscookingclub.co.uk\/fr\/terms-and-conditions\/\" data-type=\"page\" data-id=\"1023\">termes et conditions<\/a>. <\/p>\n\n\n\n<div class=\"wp-block-buttons is-layout-flex wp-block-buttons-is-layout-flex\">\n<div class=\"wp-block-button\"><a class=\"wp-block-button__link wp-element-button\" href=\"https:\/\/tanscookingclub.co.uk\/fr\/contact-us\/\">Contactez-nous<\/a><\/div>\n<\/div>\n\n\n\n<div class=\"wp-block-buttons is-layout-flex wp-block-buttons-is-layout-flex\">\n<div class=\"wp-block-button\"><a class=\"wp-block-button__link wp-element-button\" href=\"https:\/\/tanscookingclub.co.uk\/fr\/dishes-and-menus\/\">D\u00e9couvrez nos plats et nos options de menu<\/a><\/div>\n<\/div>\n\n\n\n<p id=\"prices\"><strong>PRIX :<\/strong><\/p>\n\n\n\n<p>ATELIERS :<\/p>\n\n\n\n<p><strong>A Notre Atelier (Malves-en-Minervois)<\/strong><\/p>\n\n\n\n<p><em>Nos s\u00e9ances se d\u00e9roulent dans ma cuisine, un espace charmant et intime. Id\u00e9ale pour les groupes de 6 personnes, nous pouvons accueillir jusqu&#039;\u00e0 8 personnes pour une exp\u00e9rience conviviale et chaleureuse.<\/em><\/p>\n\n\n\n<ul class=\"wp-block-list\">\n<li><strong>Atelier public | 30 \u20ac par personne<\/strong> Ax\u00e9es sur un seul plat signature, ces s\u00e9ances ouvertes sont un excellent moyen de rencontrer d&#039;autres passionn\u00e9s de gastronomie. <\/li>\n\n\n\n<li><strong>S\u00e9ance de signature priv\u00e9e | 40 \u20ac par personne<\/strong>Une s\u00e9ance exclusive pour votre groupe, ax\u00e9e sur la cr\u00e9ation d&#039;un plat principal.<\/li>\n\n\n\n<li><strong>S\u00e9ance priv\u00e9e en deux parties | 50 \u20ac par personne<\/strong>Cr\u00e9ez un plat principal signature et une entr\u00e9e originale.<\/li>\n\n\n\n<li><strong>S\u00e9ance priv\u00e9e en trois cours | 60 \u20ac par personne<\/strong>L&#039;exp\u00e9rience compl\u00e8te. Une s\u00e9ance interactive comprenant une entr\u00e9e, un plat principal et un dessert.<\/li>\n<\/ul>\n\n\n\n<p><strong>L&#039;atelier mobile (Nous venons \u00e0 vous)<\/strong><\/p>\n\n\n\n<p><em>Nous fournissons tout le mat\u00e9riel, les ingr\u00e9dients et le n\u00e9cessaire pour concocter un festin chez vous. Id\u00e9al pour tous, m\u00eame les groupes jusqu&#039;\u00e0 12 personnes.<\/em><\/p>\n\n\n\n<p>R\u00e9servation possible pour un minimum de 2 personnes.<\/p>\n\n\n\n<p><strong>Tarif de base (Plat signature priv\u00e9)\u00a0:<\/strong><\/p>\n\n\n\n<ul class=\"wp-block-list\">\n<li><strong>Dans un rayon de 15 km autour de Malves :<\/strong> 55 \u20ac par personne<\/li>\n\n\n\n<li><strong>Entre 16 km et 30 km :<\/strong> 65 \u20ac par personne<\/li>\n\n\n\n<li><strong>Entre 31 km et 40 km :<\/strong> 75 \u20ac par personne<\/li>\n<\/ul>\n\n\n\n<p><strong>Am\u00e9liorez votre menu\u00a0:<\/strong><\/p>\n\n\n\n<ul class=\"wp-block-list\">\n<li><strong>Transformez-le en 2 cours\u00a0:<\/strong> Ajouter <strong>10\u20ac<\/strong> par personne.<\/li>\n\n\n\n<li><strong>Composez un menu \u00e0 3 plats\u00a0:<\/strong> Ajouter <strong>20\u20ac<\/strong> par personne.<\/li>\n<\/ul>\n\n\n\n<div class=\"wp-block-buttons is-layout-flex wp-block-buttons-is-layout-flex\">\n<div class=\"wp-block-button\"><a class=\"wp-block-button__link wp-element-button\" href=\"https:\/\/tanscookingclub.co.uk\/fr\/dishes-and-menus\/\">D\u00e9couvrez nos plats et nos options de menu<\/a><\/div>\n<\/div>\n\n\n\n<p>SERVICES DE CHEF PRIV\u00c9 :<\/p>\n\n\n\n<p><em>Tous les prix sont par personne.  <em>Nous apporterons le mat\u00e9riel de cuisine, les ingr\u00e9dients et tout le n\u00e9cessaire pour pr\u00e9parer le festin de votre choix. <\/em><\/em><\/p>\n\n\n\n<p>Nous proposons \u00e9galement la location de vaisselle (assiettes, couverts, etc.). <em>et propose un nettoyage complet de la cuisine<\/em> \u2013 voir les tarifs ci-dessous.<\/p>\n\n\n\n<p>R\u00e9servation possible pour un minimum de 2 personnes.<\/p>\n\n\n\n<ul class=\"wp-block-list\">\n<li><strong>Le plat signature <\/strong>: <br>Un plat spectaculaire \u00e0 lui seul, qui constitue un plat principal incontournable.<\/li>\n<\/ul>\n\n\n\n<ul class=\"wp-block-list\">\n<li><strong>Le d\u00e9lice en deux services <\/strong>Nous vous proposons un plat principal signature et une d\u00e9licieuse entr\u00e9e.<\/li>\n<\/ul>\n\n\n\n<ul class=\"wp-block-list\">\n<li><strong>Le festin \u00e0 trois plats<\/strong> L&#039;exp\u00e9rience compl\u00e8te comprenant une entr\u00e9e, un plat principal et un dessert.<\/li>\n<\/ul>\n\n\n\n<p><strong>Tarif de base (Plat signature) :<\/strong><\/p>\n\n\n\n<ul class=\"wp-block-list\">\n<li><strong>Dans un rayon de 15 km autour de Malves :<\/strong> 65 \u20ac par personne<\/li>\n\n\n\n<li><strong>Entre 16 km et 30 km :<\/strong> 75 \u20ac par personne<\/li>\n\n\n\n<li><strong>Entre 31 km et 40 km :<\/strong> 85 \u20ac par personne<\/li>\n<\/ul>\n\n\n\n<p><strong>Am\u00e9liorez votre menu\u00a0:<\/strong><\/p>\n\n\n\n<ul class=\"wp-block-list\">\n<li><strong>Transformez-le en 2 cours\u00a0:<\/strong> Ajouter <strong>10\u20ac<\/strong> par personne.<\/li>\n\n\n\n<li><strong>Composez un menu \u00e0 3 plats\u00a0:<\/strong> Ajouter <strong>20\u20ac<\/strong> par personne.<\/li>\n<\/ul>\n\n\n\n<p><\/p>\n\n\n\n<div class=\"wp-block-buttons is-layout-flex wp-block-buttons-is-layout-flex\">\n<div class=\"wp-block-button\"><a class=\"wp-block-button__link wp-element-button\" href=\"https:\/\/tanscookingclub.co.uk\/fr\/dishes-and-menus\/\">D\u00e9couvrez nos plats et nos options de menu<\/a><\/div>\n<\/div>\n\n\n\n<p>OPTIONS SUPPL\u00c9MENTAIRES\u00a0:<\/p>\n\n\n\n<p>Nettoyage complet : 50 \u20ac<\/p>\n\n\n\n<p>Si vous avez besoin de vaisselle :<\/p>\n\n\n\n<ul class=\"wp-block-list\">\n<li>Assiettes, bols, assiettes \u00e0 dessert, couverts, plats de service et ustensiles : 50 \u20ac<\/li>\n<\/ul>\n\n\n\n<ul class=\"wp-block-list\">\n<li>Gobelets d&#039;eau, verres \u00e0 vin, tasses \u00e0 th\u00e9\/caf\u00e9 : 30 \u20ac<\/li>\n<\/ul>\n\n\n\n<p><\/p>","protected":false},"excerpt":{"rendered":"<p>Workshops and Private Chef Services Bringing the art &amp; fun of cooking to you ! Whether it\u2019s a get-together at home or at your holiday rental or a high-energy team-building event, we bring the flavours, the tools, and the know-how to you. From hands-on Atelier Cuisine workshops to Private Chef meals, we create unforgettable culinary [&hellip;]<\/p>\n","protected":false},"author":1,"featured_media":0,"parent":0,"menu_order":0,"comment_status":"closed","ping_status":"closed","template":"","meta":{"footnotes":""},"class_list":["post-1206","page","type-page","status-publish","hentry"],"jetpack_sharing_enabled":true,"_links":{"self":[{"href":"https:\/\/tanscookingclub.co.uk\/fr\/wp-json\/wp\/v2\/pages\/1206","targetHints":{"allow":["GET"]}}],"collection":[{"href":"https:\/\/tanscookingclub.co.uk\/fr\/wp-json\/wp\/v2\/pages"}],"about":[{"href":"https:\/\/tanscookingclub.co.uk\/fr\/wp-json\/wp\/v2\/types\/page"}],"author":[{"embeddable":true,"href":"https:\/\/tanscookingclub.co.uk\/fr\/wp-json\/wp\/v2\/users\/1"}],"replies":[{"embeddable":true,"href":"https:\/\/tanscookingclub.co.uk\/fr\/wp-json\/wp\/v2\/comments?post=1206"}],"version-history":[{"count":30,"href":"https:\/\/tanscookingclub.co.uk\/fr\/wp-json\/wp\/v2\/pages\/1206\/revisions"}],"predecessor-version":[{"id":1483,"href":"https:\/\/tanscookingclub.co.uk\/fr\/wp-json\/wp\/v2\/pages\/1206\/revisions\/1483"}],"wp:attachment":[{"href":"https:\/\/tanscookingclub.co.uk\/fr\/wp-json\/wp\/v2\/media?parent=1206"}],"curies":[{"name":"wp","href":"https:\/\/api.w.org\/{rel}","templated":true}]}}