{"id":1415,"date":"2026-05-02T12:33:24","date_gmt":"2026-05-02T12:33:24","guid":{"rendered":"https:\/\/tanscookingclub.co.uk\/?page_id=1415"},"modified":"2026-05-09T14:13:39","modified_gmt":"2026-05-09T14:13:39","slug":"pricing","status":"publish","type":"page","link":"https:\/\/tanscookingclub.co.uk\/fr\/pricing\/","title":{"rendered":"Tarification"},"content":{"rendered":"<h2 class=\"wp-block-post-title\">Tarification<\/h2>\n\n\n<p><\/p>\n\n\n\n<div class=\"wp-block-buttons is-layout-flex wp-block-buttons-is-layout-flex\">\n<div class=\"wp-block-button\"><a class=\"wp-block-button__link wp-element-button\" href=\"#workshops\">Ateliers<\/a><\/div>\n\n\n\n<div class=\"wp-block-button\"><a class=\"wp-block-button__link wp-element-button\" href=\"#private-chef\">Chef priv\u00e9<\/a><\/div>\n\n\n\n<div class=\"wp-block-button\"><a class=\"wp-block-button__link wp-element-button\" href=\"#vacation-arrivals\">Arriv\u00e9es de vacances<\/a><\/div>\n<\/div>\n\n\n\n<p id=\"workshops\"><em>Tous les prix sont par personne.<\/em><\/p>\n\n\n\n<p id=\"workshops\"><strong>ATELIERS :<\/strong><\/p>\n\n\n\n<p><strong>A Notre Atelier (Malves-en-Minervois)<\/strong><\/p>\n\n\n\n<p><em>Nos s\u00e9ances se d\u00e9roulent dans ma cuisine, un espace charmant et intime. Id\u00e9ale pour les groupes de 6 personnes, nous pouvons accueillir jusqu&#039;\u00e0 8 personnes pour une exp\u00e9rience conviviale et chaleureuse.<\/em><\/p>\n\n\n\n<ul class=\"wp-block-list\">\n<li><strong>Atelier public | 30 \u20ac par personne<\/strong>Ax\u00e9es sur un seul plat signature, ces s\u00e9ances ouvertes sont un excellent moyen de rencontrer d&#039;autres passionn\u00e9s de gastronomie.<\/li>\n\n\n\n<li><strong>S\u00e9ance de signature priv\u00e9e | 40 \u20ac par personne<\/strong>Une s\u00e9ance exclusive pour votre groupe, ax\u00e9e sur la cr\u00e9ation d&#039;un plat principal.<\/li>\n\n\n\n<li><strong>S\u00e9ance priv\u00e9e en deux parties | 50 \u20ac par personne<\/strong>Cr\u00e9ez un plat principal signature et une entr\u00e9e originale.<\/li>\n\n\n\n<li><strong>S\u00e9ance priv\u00e9e en trois cours | 60 \u20ac par personne<\/strong>L&#039;exp\u00e9rience compl\u00e8te. Une s\u00e9ance interactive comprenant une entr\u00e9e, un plat principal et un dessert.<\/li>\n<\/ul>\n\n\n\n<p><strong>L&#039;atelier mobile (Nous venons \u00e0 vous)<\/strong><\/p>\n\n\n\n<p><em>Nous fournissons tout le mat\u00e9riel, les ingr\u00e9dients et le n\u00e9cessaire pour concocter un festin chez vous. Id\u00e9al pour tous, m\u00eame les groupes jusqu&#039;\u00e0 12 personnes.<\/em><\/p>\n\n\n\n<p>R\u00e9servation possible pour un minimum de 2 personnes.<\/p>\n\n\n\n<p><strong>Tarif de base (Plat signature priv\u00e9)\u00a0:<\/strong><\/p>\n\n\n\n<ul class=\"wp-block-list\">\n<li><strong>Dans un rayon de 15 km autour de Malves :<\/strong> 55 \u20ac par personne<\/li>\n\n\n\n<li><strong>Entre 16 km et 30 km :<\/strong> 65 \u20ac par personne<\/li>\n\n\n\n<li><strong>Entre 31 km et 40 km :<\/strong> 75 \u20ac par personne<\/li>\n<\/ul>\n\n\n\n<p><strong>Am\u00e9liorez votre menu\u00a0:<\/strong><\/p>\n\n\n\n<ul class=\"wp-block-list\">\n<li><strong>Transformez-le en 2 cours\u00a0:<\/strong> Ajouter <strong>10\u20ac<\/strong> par personne.<\/li>\n\n\n\n<li><strong>Composez un menu \u00e0 3 plats\u00a0:<\/strong> Ajouter <strong>20\u20ac<\/strong> par personne.<\/li>\n<\/ul>\n\n\n\n<div class=\"wp-block-buttons is-layout-flex wp-block-buttons-is-layout-flex\">\n<div class=\"wp-block-button\"><a class=\"wp-block-button__link wp-element-button\" href=\"https:\/\/tanscookingclub.co.uk\/fr\/dishes-and-menus\/\">D\u00e9couvrez nos plats et nos options de menu<\/a><\/div>\n\n\n\n<div class=\"wp-block-button\"><a class=\"wp-block-button__link wp-element-button\" href=\"https:\/\/tanscookingclub.co.uk\/fr\/contact-us\/\">Contactez-nous<\/a><\/div>\n<\/div>\n\n\n\n<p>OPTIONS SUPPL\u00c9MENTAIRES \u2013 Forfait\u00a0:<\/p>\n\n\n\n<p>Nettoyage complet : 50 \u20ac<\/p>\n\n\n\n<p>Si vous avez besoin de vaisselle :<\/p>\n\n\n\n<ul class=\"wp-block-list\">\n<li>Assiettes, bols, assiettes \u00e0 dessert, couverts, plats de service et ustensiles : 50 \u20ac<\/li>\n\n\n\n<li>Gobelets d&#039;eau, verres \u00e0 vin, tasses \u00e0 th\u00e9\/caf\u00e9 : 30 \u20ac<\/li>\n<\/ul>\n\n\n\n<p><\/p>\n\n\n\n<p id=\"private-chef\"><strong>SERVICES DE CHEF PRIV\u00c9 :<\/strong><\/p>\n\n\n\n<p id=\"private-chef\"><br><em>Bien<\/em> <em><em>Apportez le mat\u00e9riel de cuisine, les ingr\u00e9dients et tout le n\u00e9cessaire pour pr\u00e9parer le festin de votre choix. <\/em><\/em><\/p>\n\n\n\n<p>Nous proposons \u00e9galement la location de vaisselle (assiettes, couverts, etc.). <em>et propose un nettoyage complet de la cuisine<\/em> \u2013 voir les tarifs ci-dessous.<\/p>\n\n\n\n<p>R\u00e9servation possible pour un minimum de 2 personnes.<\/p>\n\n\n\n<ul class=\"wp-block-list\">\n<li><strong>Le plat signature <\/strong>: <br>Un plat spectaculaire \u00e0 lui seul, qui constitue un plat principal incontournable.<\/li>\n<\/ul>\n\n\n\n<ul class=\"wp-block-list\">\n<li><strong>Le d\u00e9lice en deux services <\/strong>Nous vous proposons un plat principal signature et une d\u00e9licieuse entr\u00e9e.<\/li>\n<\/ul>\n\n\n\n<ul class=\"wp-block-list\">\n<li><strong>Le festin \u00e0 trois plats<\/strong> L&#039;exp\u00e9rience compl\u00e8te comprenant une entr\u00e9e, un plat principal et un dessert.<\/li>\n<\/ul>\n\n\n\n<p><strong>Tarif de base (Plat signature) :<\/strong><\/p>\n\n\n\n<ul class=\"wp-block-list\">\n<li><strong>Dans un rayon de 15 km autour de Malves :<\/strong> 65 \u20ac par personne<\/li>\n\n\n\n<li><strong>Entre 16 km et 30 km :<\/strong> 75 \u20ac par personne<\/li>\n\n\n\n<li><strong>Entre 31 km et 40 km :<\/strong> 85 \u20ac par personne<\/li>\n<\/ul>\n\n\n\n<p><strong>Am\u00e9liorez votre menu\u00a0:<\/strong><\/p>\n\n\n\n<ul class=\"wp-block-list\">\n<li><strong>Transformez-le en 2 cours\u00a0:<\/strong> Ajouter <strong>10\u20ac<\/strong> par personne.<\/li>\n\n\n\n<li><strong>Composez un menu \u00e0 3 plats\u00a0:<\/strong> Ajouter <strong>20\u20ac<\/strong> par personne.<\/li>\n<\/ul>\n\n\n\n<p><\/p>\n\n\n\n<div class=\"wp-block-buttons is-layout-flex wp-block-buttons-is-layout-flex\">\n<div class=\"wp-block-button\"><a class=\"wp-block-button__link wp-element-button\" href=\"https:\/\/tanscookingclub.co.uk\/fr\/dishes-and-menus\/\">D\u00e9couvrez nos plats et nos options de menu<\/a><\/div>\n\n\n\n<div class=\"wp-block-button\"><a class=\"wp-block-button__link wp-element-button\" href=\"https:\/\/tanscookingclub.co.uk\/fr\/contact-us\/\">Contactez-nous<\/a><\/div>\n<\/div>\n\n\n\n<p>OPTIONS SUPPL\u00c9MENTAIRES \u2013 Forfait\u00a0:<\/p>\n\n\n\n<p>Nettoyage complet : 50 \u20ac<\/p>\n\n\n\n<p>Si vous avez besoin de vaisselle :<\/p>\n\n\n\n<ul class=\"wp-block-list\">\n<li>Assiettes, bols, assiettes \u00e0 dessert, couverts, plats de service et ustensiles : 50 \u20ac<\/li>\n<\/ul>\n\n\n\n<ul class=\"wp-block-list\">\n<li>Gobelets d&#039;eau, verres \u00e0 vin, tasses \u00e0 th\u00e9\/caf\u00e9 : 30 \u20ac<\/li>\n<\/ul>\n\n\n\n<p><\/p>\n\n\n\n<p id=\"vacation-arrivals\"><strong>ARRIV\u00c9ES DE VACANCES<\/strong>:<\/p>\n\n\n\n<p>Arrivez et trouvez un r\u00e9frig\u00e9rateur rempli. Pas de courses, pas de cuisine, pas de stress.<\/p>\n\n\n\n<p>Si vous louez un logement ou poss\u00e9dez une r\u00e9sidence secondaire, alors ceci est pour vous. <\/p>\n\n\n\n<p>Si vous prenez contact avec votre fournisseur de location ou le gardien de votre propri\u00e9t\u00e9 afin que nous puissions contacter directement les d\u00e9tenteurs de cl\u00e9s ou acc\u00e9der \u00e0 la propri\u00e9t\u00e9, nous pouvons vous fournir un forfait d&#039;arriv\u00e9e pr\u00eat \u00e0 vous accueillir\u00a0: <\/p>\n\n\n\n<ul class=\"wp-block-list\">\n<li>Repas du soir simple, par exemple un bol de riz m\u00e9diterran\u00e9en frais, ne n\u00e9cessitant aucune cuisson, pr\u00e9par\u00e9 et pr\u00eat \u00e0 votre domicile, dans le r\u00e9frig\u00e9rateur \u00e0 votre arriv\u00e9e.<\/li>\n\n\n\n<li>boissons non alcoolis\u00e9es, sachets de th\u00e9 et de caf\u00e9, lait\u2026. <\/li>\n\n\n\n<li>Petit-d\u00e9jeuner continental pour le lendemain matin, comprenant notamment des viennoiseries simples, des fruits, des yaourts, des jus de fruits, etc. <\/li>\n<\/ul>\n\n\n\n<p><strong>Prix : Le forfait d\u00eener\/petit-d\u00e9jeuner = 30 \u20ac par personne (minimum 2 personnes).<\/strong><\/p>\n\n\n\n<p>Veuillez noter: <\/p>\n\n\n\n<ul class=\"wp-block-list\">\n<li>Pour les propri\u00e9t\u00e9s situ\u00e9es entre 15 et 30 km de Malves-en-Minervois, ajouter un forfait de 20 \u20ac.<\/li>\n\n\n\n<li>Pour les propri\u00e9t\u00e9s situ\u00e9es entre 16 km et 40 km maximum de Malves-en-Minervois, ajouter un forfait de 25 \u20ac.<\/li>\n<\/ul>\n\n\n\n<p>Comment r\u00e9server\u00a0: 2 fa\u00e7ons\u00a0:<\/p>\n\n\n\n<ul class=\"wp-block-list\">\n<li>1. <strong>L&#039;arriv\u00e9e du \u201c frigo bien garni \u201d (la plus populaire)<\/strong>. Il vous suffit de nous communiquer votre date d&#039;arriv\u00e9e et l&#039;adresse de votre location. Une fois que vous aurez obtenu l&#039;autorisation d&#039;acc\u00e8s de votre gestionnaire\/tuteur, nous pourrons convenir ensemble des horaires. Votre repas et votre petit-d\u00e9jeuner vous attendront dans le r\u00e9frig\u00e9rateur \u00e0 votre arriv\u00e9e.<\/li>\n\n\n\n<li><strong>2. Transfert direct.<\/strong> Si vous pr\u00e9f\u00e9rez, nous pouvons vous retrouver sur place \u00e0 une heure convenue pour vous remettre directement votre colis d&#039;arriv\u00e9e. Il vous suffit de nous indiquer votre date et heure d&#039;arriv\u00e9e ainsi que l&#039;adresse de votre location. <\/li>\n<\/ul>\n\n\n\n<p>(Remarque : D\u00e8s la remise des marchandises, le client est responsable de veiller \u00e0 ce que tous les produits p\u00e9rissables soient imm\u00e9diatement r\u00e9frig\u00e9r\u00e9s conform\u00e9ment aux directives en mati\u00e8re de s\u00e9curit\u00e9 alimentaire).<\/p>\n\n\n\n<p>Nous pouvons fournir <strong>Sans gluten et sans produits laitiers<\/strong> options sur demande<\/p>\n\n\n\n<p>\u26a0\ufe0f <strong>Veuillez prendre note<\/strong>Pour tous les services et produits, les ingr\u00e9dients peuvent contenir ou avoir \u00e9t\u00e9 fabriqu\u00e9s\/pr\u00e9par\u00e9s sur des \u00e9quipements partag\u00e9s avec du bl\u00e9, des produits laitiers, des \u0153ufs, des noix, du poisson, du soja, des crustac\u00e9s et d&#039;autres allerg\u00e8nes.<\/p>\n\n\n\n<p>Veuillez nous contacter pour nous faire part de vos besoins et pr\u00e9f\u00e9rences alimentaires sp\u00e9cifiques et consultez notre&nbsp;<a href=\"https:\/\/tanscookingclub.co.uk\/fr\/terms-and-conditions\/\">termes et conditions<\/a>.<\/p>","protected":false},"excerpt":{"rendered":"<p>All prices are per person. WORKSHOPS: At Our Atelier (Malves-en-Minervois) Our sessions are held in my designated home kitchen\u2014a charming, intimate space. Perfect for groups of 6, we can accommodate up to 8 guests for a \u201cvery cosy and social&#8221; experience. The Mobile Workshop (We Come to You) We&#8217;ll bring the equipment, ingredients and everything [&hellip;]<\/p>\n","protected":false},"author":1,"featured_media":0,"parent":0,"menu_order":0,"comment_status":"closed","ping_status":"closed","template":"","meta":{"footnotes":""},"class_list":["post-1415","page","type-page","status-publish","hentry"],"jetpack_sharing_enabled":true,"_links":{"self":[{"href":"https:\/\/tanscookingclub.co.uk\/fr\/wp-json\/wp\/v2\/pages\/1415","targetHints":{"allow":["GET"]}}],"collection":[{"href":"https:\/\/tanscookingclub.co.uk\/fr\/wp-json\/wp\/v2\/pages"}],"about":[{"href":"https:\/\/tanscookingclub.co.uk\/fr\/wp-json\/wp\/v2\/types\/page"}],"author":[{"embeddable":true,"href":"https:\/\/tanscookingclub.co.uk\/fr\/wp-json\/wp\/v2\/users\/1"}],"replies":[{"embeddable":true,"href":"https:\/\/tanscookingclub.co.uk\/fr\/wp-json\/wp\/v2\/comments?post=1415"}],"version-history":[{"count":9,"href":"https:\/\/tanscookingclub.co.uk\/fr\/wp-json\/wp\/v2\/pages\/1415\/revisions"}],"predecessor-version":[{"id":1476,"href":"https:\/\/tanscookingclub.co.uk\/fr\/wp-json\/wp\/v2\/pages\/1415\/revisions\/1476"}],"wp:attachment":[{"href":"https:\/\/tanscookingclub.co.uk\/fr\/wp-json\/wp\/v2\/media?parent=1415"}],"curies":[{"name":"wp","href":"https:\/\/api.w.org\/{rel}","templated":true}]}}