{"id":1322,"date":"2026-04-14T12:50:05","date_gmt":"2026-04-14T12:50:05","guid":{"rendered":"https:\/\/tanscookingclub.co.uk\/?post_type=product&#038;p=1322"},"modified":"2026-05-12T21:15:50","modified_gmt":"2026-05-12T21:15:50","slug":"tans-cooking-club-travel-cookbook-asia-vol-1","status":"publish","type":"product","link":"https:\/\/tanscookingclub.co.uk\/fr\/produit\/tans-cooking-club-travel-cookbook-asia-vol-1\/","title":{"rendered":"Le livre de recettes de voyage du club de cuisine de Tan : Asie Vol. 1"},"content":{"rendered":"<p class=\"p1\">Voyagez \u00e0 travers le monde depuis votre cuisine gr\u00e2ce \u00e0 six recettes asiatiques faciles et savoureuses, inspir\u00e9es par le voyage, recr\u00e9\u00e9es avec des ingr\u00e9dients simples et con\u00e7ues pour les cuisiniers de tous niveaux.<\/p>\n<p class=\"p1\">Ce mini-livre de recettes apporte des saveurs audacieuses, des recettes simples et beaucoup de plaisir \u00e0 votre cuisine quotidienne. Une d\u00e9licieuse aventure, sans passeport !<\/p>","protected":false},"excerpt":{"rendered":"<p>&nbsp;<\/p>\n<p class=\"p1\">Discover the flavours of Asia with easy, delicious recipes inspired by real travels and cooking adventures.<\/p>\n<p class=\"p1\">Download your copy now and start cooking something amazing today!<\/p>","protected":false},"featured_media":1325,"comment_status":"open","ping_status":"closed","template":"","meta":[],"product_brand":[],"product_cat":[19],"product_tag":[22],"class_list":{"0":"post-1322","1":"product","2":"type-product","3":"status-publish","4":"has-post-thumbnail","6":"product_cat-uncategorized","7":"product_tag-cookbook","9":"first","10":"instock","11":"downloadable","12":"shipping-taxable","13":"purchasable","14":"product-type-simple"},"jetpack_sharing_enabled":true,"_links":{"self":[{"href":"https:\/\/tanscookingclub.co.uk\/fr\/wp-json\/wp\/v2\/product\/1322","targetHints":{"allow":["GET"]}}],"collection":[{"href":"https:\/\/tanscookingclub.co.uk\/fr\/wp-json\/wp\/v2\/product"}],"about":[{"href":"https:\/\/tanscookingclub.co.uk\/fr\/wp-json\/wp\/v2\/types\/product"}],"replies":[{"embeddable":true,"href":"https:\/\/tanscookingclub.co.uk\/fr\/wp-json\/wp\/v2\/comments?post=1322"}],"wp:featuredmedia":[{"embeddable":true,"href":"https:\/\/tanscookingclub.co.uk\/fr\/wp-json\/wp\/v2\/media\/1325"}],"wp:attachment":[{"href":"https:\/\/tanscookingclub.co.uk\/fr\/wp-json\/wp\/v2\/media?parent=1322"}],"wp:term":[{"taxonomy":"product_brand","embeddable":true,"href":"https:\/\/tanscookingclub.co.uk\/fr\/wp-json\/wp\/v2\/product_brand?post=1322"},{"taxonomy":"product_cat","embeddable":true,"href":"https:\/\/tanscookingclub.co.uk\/fr\/wp-json\/wp\/v2\/product_cat?post=1322"},{"taxonomy":"product_tag","embeddable":true,"href":"https:\/\/tanscookingclub.co.uk\/fr\/wp-json\/wp\/v2\/product_tag?post=1322"}],"curies":[{"name":"wp","href":"https:\/\/api.w.org\/{rel}","templated":true}]}}