{"id":1361,"date":"2026-04-29T15:02:00","date_gmt":"2026-04-29T15:02:00","guid":{"rendered":"https:\/\/tanscookingclub.co.uk\/?post_type=product&#038;p=1361"},"modified":"2026-05-13T16:37:40","modified_gmt":"2026-05-13T16:37:40","slug":"gift-card-carte-cadeau","status":"publish","type":"product","link":"https:\/\/tanscookingclub.co.uk\/fr\/produit\/gift-card-carte-cadeau\/","title":{"rendered":"Carte-cadeau"},"content":{"rendered":"<p class=\"p1\">Lancez-vous dans une aventure culinaire en cr\u00e9ant des plats du monde entier gr\u00e2ce \u00e0 votre carte-cadeau Tan&#039;s Cooking Club.<\/p>\n<p class=\"p1\">Rejoignez-nous pour un tour du monde culinaire amusant et interactif, sans quitter votre cuisine !<\/p>\n<p class=\"p1\">Cuisinons !<\/p>\n<p class=\"p3\">","protected":false},"excerpt":{"rendered":"<p class=\"p1\">The perfect gift for every occasion. \ud83c\udf81<\/p>\n<p class=\"p1\">Give your friends and loved ones the freedom to choose from all our workshops and culinary services.<\/p>","protected":false},"featured_media":1366,"comment_status":"open","ping_status":"closed","template":"","meta":[],"product_brand":[],"product_cat":[19],"product_tag":[],"class_list":{"0":"post-1361","1":"product","2":"type-product","3":"status-publish","4":"has-post-thumbnail","6":"product_cat-uncategorized","8":"first","9":"instock","10":"shipping-taxable","11":"purchasable","12":"product-type-pw-gift-card"},"jetpack_sharing_enabled":true,"_links":{"self":[{"href":"https:\/\/tanscookingclub.co.uk\/fr\/wp-json\/wp\/v2\/product\/1361","targetHints":{"allow":["GET"]}}],"collection":[{"href":"https:\/\/tanscookingclub.co.uk\/fr\/wp-json\/wp\/v2\/product"}],"about":[{"href":"https:\/\/tanscookingclub.co.uk\/fr\/wp-json\/wp\/v2\/types\/product"}],"replies":[{"embeddable":true,"href":"https:\/\/tanscookingclub.co.uk\/fr\/wp-json\/wp\/v2\/comments?post=1361"}],"wp:featuredmedia":[{"embeddable":true,"href":"https:\/\/tanscookingclub.co.uk\/fr\/wp-json\/wp\/v2\/media\/1366"}],"wp:attachment":[{"href":"https:\/\/tanscookingclub.co.uk\/fr\/wp-json\/wp\/v2\/media?parent=1361"}],"wp:term":[{"taxonomy":"product_brand","embeddable":true,"href":"https:\/\/tanscookingclub.co.uk\/fr\/wp-json\/wp\/v2\/product_brand?post=1361"},{"taxonomy":"product_cat","embeddable":true,"href":"https:\/\/tanscookingclub.co.uk\/fr\/wp-json\/wp\/v2\/product_cat?post=1361"},{"taxonomy":"product_tag","embeddable":true,"href":"https:\/\/tanscookingclub.co.uk\/fr\/wp-json\/wp\/v2\/product_tag?post=1361"}],"curies":[{"name":"wp","href":"https:\/\/api.w.org\/{rel}","templated":true}]}}