{"id":1459,"date":"2026-05-05T13:00:45","date_gmt":"2026-05-05T13:00:45","guid":{"rendered":"https:\/\/tanscookingclub.co.uk\/?post_type=product&#038;p=1459"},"modified":"2026-05-12T21:15:35","modified_gmt":"2026-05-12T21:15:35","slug":"red-braised-pork-hong-shao-rou-steamed-buns","status":"publish","type":"product","link":"https:\/\/tanscookingclub.co.uk\/fr\/produit\/red-braised-pork-hong-shao-rou-steamed-buns\/","title":{"rendered":"Porc brais\u00e9 rouge (Hong Shao Rou) et petits pains vapeur \u2013 29 mai 18h30"},"content":{"rendered":"<p class=\"p1\"><b>29 mai : 18h30\u00a0<\/b><\/p>\n<p>Dur\u00e9e minimale 1h30<\/p>\n<p class=\"p1\"><b>Porc brais\u00e9 rouge (Hong Shao Rou)<\/b><\/p>\n<p class=\"p1\"><b>Un plat chinois classique et r\u00e9confortant qui fond dans la bouche, accompagn\u00e9 de petits pains moelleux cuits \u00e0 la vapeur : un repas riche et d\u00e9licieux qui r\u00e9chauffe le c\u0153ur.<\/b><\/p>\n<p class=\"p1\"><b>Hong Shao Rou<\/b> Le sarrasin est un plat incontournable de la cuisine familiale chinoise, utilisant une base parfum\u00e9e de sauce soja, de gingembre et d&#039;anis \u00e9toil\u00e9 pour cr\u00e9er une saveur riche et savoureuse qui s&#039;\u00e9quilibre parfaitement lorsqu&#039;on le d\u00e9guste avec un pain chaud et moelleux. <b>brioche vapeur (Mantou) et riz<\/b>.<span class=\"Apple-converted-space\">\u00a0<\/span><\/p>\n<p class=\"p3\">Venez laisser libre cours \u00e0 votre cr\u00e9ativit\u00e9 en cuisine et pr\u00e9parez notre version du Hong Shao Rou et des brioches vapeur. D\u00e9gustez vos cr\u00e9ations culinaires ou emportez-en une portion (y compris les restes). (N&#039;oubliez pas d&#039;apporter un r\u00e9cipient adapt\u00e9 et de consulter les informations importantes en premi\u00e8re page).<span class=\"Apple-converted-space\">\u00a0<\/span><\/p>\n<p class=\"p3\"><span class=\"s1\">\u26a0\ufe0f<\/span> Les ingr\u00e9dients peuvent contenir ou avoir \u00e9t\u00e9 fabriqu\u00e9s\/pr\u00e9par\u00e9s sur des \u00e9quipements partag\u00e9s avec du bl\u00e9, des produits laitiers, des \u0153ufs, des noix, du poisson, du soja, des crustac\u00e9s et d&#039;autres allerg\u00e8nes.<\/p>\n<p class=\"p3\">Chaque client recevra une fiche recette. Tout le mat\u00e9riel n\u00e9cessaire (tabliers, fiches recettes, etc.) est fourni.<span class=\"Apple-converted-space\">\u00a0<\/span><\/p>\n<p class=\"p3\">(Ingr\u00e9dients du client (frais de d\u00e9bours) factur\u00e9s \u00e0 part, compris dans le tarif).<\/p>\n<p class=\"p3\">Maximum 6 personnes \/ maximum 6 personnes.<\/p>\n<p class=\"p3\">(L&#039;image est fournie \u00e0 titre indicatif seulement et ne repr\u00e9sente pas exactement le produit.)<\/p>\n<p class=\"p3\">Adresse : 14 Grand Rue des Rosiers, 11600. Malves-en-Minervois.<\/p>\n<p class=\"p3\"><span class=\"s1\">\ud83d\udce7<\/span> Contact: <a href=\"mailto:info@tanscookingclub.co.uk\"><span class=\"s2\">info@tanscookingclub.co.uk<\/span><\/a><\/p>","protected":false},"excerpt":{"rendered":"<p><b>Un plat chinois classique et r\u00e9confortant qui fond dans la bouche, accompagn\u00e9 de petits pains moelleux cuits \u00e0 la vapeur : un repas riche et d\u00e9licieux qui r\u00e9chauffe le c\u0153ur.<\/b><\/p>","protected":false},"featured_media":1462,"comment_status":"open","ping_status":"closed","template":"","meta":[],"product_brand":[],"product_cat":[19],"product_tag":[],"class_list":{"0":"post-1459","1":"product","2":"type-product","3":"status-publish","4":"has-post-thumbnail","6":"product_cat-uncategorized","8":"first","9":"instock","10":"virtual","11":"purchasable","12":"product-type-simple"},"jetpack_sharing_enabled":true,"_links":{"self":[{"href":"https:\/\/tanscookingclub.co.uk\/fr\/wp-json\/wp\/v2\/product\/1459","targetHints":{"allow":["GET"]}}],"collection":[{"href":"https:\/\/tanscookingclub.co.uk\/fr\/wp-json\/wp\/v2\/product"}],"about":[{"href":"https:\/\/tanscookingclub.co.uk\/fr\/wp-json\/wp\/v2\/types\/product"}],"replies":[{"embeddable":true,"href":"https:\/\/tanscookingclub.co.uk\/fr\/wp-json\/wp\/v2\/comments?post=1459"}],"wp:featuredmedia":[{"embeddable":true,"href":"https:\/\/tanscookingclub.co.uk\/fr\/wp-json\/wp\/v2\/media\/1462"}],"wp:attachment":[{"href":"https:\/\/tanscookingclub.co.uk\/fr\/wp-json\/wp\/v2\/media?parent=1459"}],"wp:term":[{"taxonomy":"product_brand","embeddable":true,"href":"https:\/\/tanscookingclub.co.uk\/fr\/wp-json\/wp\/v2\/product_brand?post=1459"},{"taxonomy":"product_cat","embeddable":true,"href":"https:\/\/tanscookingclub.co.uk\/fr\/wp-json\/wp\/v2\/product_cat?post=1459"},{"taxonomy":"product_tag","embeddable":true,"href":"https:\/\/tanscookingclub.co.uk\/fr\/wp-json\/wp\/v2\/product_tag?post=1459"}],"curies":[{"name":"wp","href":"https:\/\/api.w.org\/{rel}","templated":true}]}}