{"id":974,"date":"2026-03-29T12:22:40","date_gmt":"2026-03-29T12:22:40","guid":{"rendered":"https:\/\/tanscookingclub.co.uk\/?post_type=product&#038;p=974"},"modified":"2026-05-10T19:36:35","modified_gmt":"2026-05-10T19:36:35","slug":"homemade-pasta","status":"publish","type":"product","link":"https:\/\/tanscookingclub.co.uk\/fr\/produit\/homemade-pasta\/","title":{"rendered":"P\u00e2tes maison"},"content":{"rendered":"<p>Date : 4 avril 18h15<br \/>\nDur\u00e9e de la s\u00e9ance : 1h30 +<br \/>\nPrix : 30 \u20ac<\/p>\n<p>Un plat de p\u00e2tes maison accompagn\u00e9 d&#039;une salade de l\u00e9gumes verts printaniers : un repas l\u00e9ger et frais, parfait avant le festin de P\u00e2ques.<\/p>\n<p>Les p\u00e2tes sont un aliment de base devenu populaire dans le monde entier. Elles se d\u00e9clinent en de nombreuses vari\u00e9t\u00e9s et formes, comme les spaghettis, les fettuccine, les penne, les rigatonis, les raviolis et les farfalles.<\/p>\n<p>Venez laisser libre cours \u00e0 votre cr\u00e9ativit\u00e9 en cuisine\u00a0! Pr\u00e9parez des p\u00e2tes maison et une salade de haricots verts printani\u00e8re. D\u00e9gustez vos cr\u00e9ations et emportez-en une portion si vous le souhaitez. (N&#039;oubliez pas d&#039;apporter un r\u00e9cipient adapt\u00e9 et de consulter les informations importantes en premi\u00e8re page.).<\/p>\n<p>\u26a0\ufe0f Les ingr\u00e9dients peuvent contenir ou avoir \u00e9t\u00e9 fabriqu\u00e9s\/pr\u00e9par\u00e9s sur des \u00e9quipements partag\u00e9s avec du bl\u00e9, des produits laitiers, des \u0153ufs, des noix, du poisson, du soja et des crustac\u00e9s et d&#039;autres allerg\u00e8nes.<\/p>\n<p>Chaque client recevra une fiche recette. Tout le mat\u00e9riel n\u00e9cessaire (tabliers, fiches recettes, etc.) est fourni.<br \/>\n(Ingr\u00e9dients du client (frais de d\u00e9bours) factur\u00e9s \u00e0 part, compris dans le tarif).<\/p>\n<p>Maximum 6 personnes.<\/p>\n<p>(L&#039;image est fournie \u00e0 titre indicatif seulement et ne repr\u00e9sente pas exactement le produit.)<\/p>\n<p>Adresse : 14 Grand Rue des Rosiers, 11600. Malves-en-Minervois.<br \/>\n\ud83d\udce7 Contact\u00a0: info@tanscookingclub.co.uk<\/p>","protected":false},"excerpt":{"rendered":"<p>P\u00e2tes maison !<\/p>\n<p>Un plat de p\u00e2tes maison accompagn\u00e9 d&#039;une salade de l\u00e9gumes verts printaniers : un repas l\u00e9ger et frais, parfait avant le festin de P\u00e2ques.<\/p>","protected":false},"featured_media":435,"comment_status":"open","ping_status":"closed","template":"","meta":[],"product_brand":[],"product_cat":[19],"product_tag":[20],"class_list":{"0":"post-974","1":"product","2":"type-product","3":"status-publish","4":"has-post-thumbnail","6":"product_cat-uncategorized","7":"product_tag-pasta","9":"first","10":"outofstock","11":"virtual","12":"purchasable","13":"product-type-simple"},"jetpack_sharing_enabled":true,"_links":{"self":[{"href":"https:\/\/tanscookingclub.co.uk\/fr\/wp-json\/wp\/v2\/product\/974","targetHints":{"allow":["GET"]}}],"collection":[{"href":"https:\/\/tanscookingclub.co.uk\/fr\/wp-json\/wp\/v2\/product"}],"about":[{"href":"https:\/\/tanscookingclub.co.uk\/fr\/wp-json\/wp\/v2\/types\/product"}],"replies":[{"embeddable":true,"href":"https:\/\/tanscookingclub.co.uk\/fr\/wp-json\/wp\/v2\/comments?post=974"}],"wp:featuredmedia":[{"embeddable":true,"href":"https:\/\/tanscookingclub.co.uk\/fr\/wp-json\/wp\/v2\/media\/435"}],"wp:attachment":[{"href":"https:\/\/tanscookingclub.co.uk\/fr\/wp-json\/wp\/v2\/media?parent=974"}],"wp:term":[{"taxonomy":"product_brand","embeddable":true,"href":"https:\/\/tanscookingclub.co.uk\/fr\/wp-json\/wp\/v2\/product_brand?post=974"},{"taxonomy":"product_cat","embeddable":true,"href":"https:\/\/tanscookingclub.co.uk\/fr\/wp-json\/wp\/v2\/product_cat?post=974"},{"taxonomy":"product_tag","embeddable":true,"href":"https:\/\/tanscookingclub.co.uk\/fr\/wp-json\/wp\/v2\/product_tag?post=974"}],"curies":[{"name":"wp","href":"https:\/\/api.w.org\/{rel}","templated":true}]}}